{"id":100,"date":"2021-10-12T13:50:00","date_gmt":"2021-10-12T13:50:00","guid":{"rendered":"https:\/\/prueba.bateriasbenacedo.com.uy\/?page_id=100"},"modified":"2024-01-17T13:44:34","modified_gmt":"2024-01-17T16:44:34","slug":"inicio","status":"publish","type":"page","link":"https:\/\/prueba.bateriasbenacedo.com.uy\/","title":{"rendered":"Inicio"},"content":{"rendered":"\t\t<div data-elementor-type=\"wp-page\" data-elementor-id=\"100\" class=\"elementor elementor-100\">\n\t\t\t\t\t\t\t\t\t<section class=\"elementor-section elementor-top-section elementor-element elementor-element-7e9ff47 elementor-section-full_width elementor-section-content-middle elementor-hidden-mobile elementor-section-height-default elementor-section-height-default\" data-id=\"7e9ff47\" data-element_type=\"section\">\n\t\t\t\t\t\t<div class=\"elementor-container elementor-column-gap-no\">\n\t\t\t\t\t<div class=\"elementor-column elementor-col-25 elementor-top-column elementor-element elementor-element-2d0edad\" data-id=\"2d0edad\" data-element_type=\"column\">\n\t\t\t<div class=\"elementor-widget-wrap elementor-element-populated\">\n\t\t\t\t\t\t\t\t<div class=\"elementor-element elementor-element-6acc1c5 e-transform elementor-invisible elementor-widget elementor-widget-image\" data-id=\"6acc1c5\" data-element_type=\"widget\" data-settings=\"{&quot;_animation&quot;:&quot;bounceInRight&quot;,&quot;_animation_delay&quot;:0,&quot;_transform_scaleX_effect&quot;:{&quot;unit&quot;:&quot;px&quot;,&quot;size&quot;:&quot;&quot;,&quot;sizes&quot;:[]},&quot;_transform_scaleX_effect_widescreen&quot;:{&quot;unit&quot;:&quot;px&quot;,&quot;size&quot;:&quot;&quot;,&quot;sizes&quot;:[]},&quot;_transform_scaleX_effect_laptop&quot;:{&quot;unit&quot;:&quot;px&quot;,&quot;size&quot;:&quot;&quot;,&quot;sizes&quot;:[]},&quot;_transform_scaleX_effect_tablet&quot;:{&quot;unit&quot;:&quot;px&quot;,&quot;size&quot;:&quot;&quot;,&quot;sizes&quot;:[]},&quot;_transform_scaleX_effect_mobile&quot;:{&quot;unit&quot;:&quot;px&quot;,&quot;size&quot;:&quot;&quot;,&quot;sizes&quot;:[]},&quot;_transform_scaleY_effect&quot;:{&quot;unit&quot;:&quot;px&quot;,&quot;size&quot;:&quot;&quot;,&quot;sizes&quot;:[]},&quot;_transform_scaleY_effect_widescreen&quot;:{&quot;unit&quot;:&quot;px&quot;,&quot;size&quot;:&quot;&quot;,&quot;sizes&quot;:[]},&quot;_transform_scaleY_effect_laptop&quot;:{&quot;unit&quot;:&quot;px&quot;,&quot;size&quot;:&quot;&quot;,&quot;sizes&quot;:[]},&quot;_transform_scaleY_effect_tablet&quot;:{&quot;unit&quot;:&quot;px&quot;,&quot;size&quot;:&quot;&quot;,&quot;sizes&quot;:[]},&quot;_transform_scaleY_effect_mobile&quot;:{&quot;unit&quot;:&quot;px&quot;,&quot;size&quot;:&quot;&quot;,&quot;sizes&quot;:[]}}\" data-widget_type=\"image.default\">\n\t\t\t\t<div class=\"elementor-widget-container\">\n\t\t\t<style>\/*! elementor - v3.18.0 - 20-12-2023 *\/\n.elementor-widget-image{text-align:center}.elementor-widget-image a{display:inline-block}.elementor-widget-image a img[src$=\".svg\"]{width:48px}.elementor-widget-image img{vertical-align:middle;display:inline-block}<\/style>\t\t\t\t\t\t\t\t\t\t\t\t\t<a href=\"https:\/\/prueba.bateriasbenacedo.com.uy\/?product_cat=benacedo\">\n\t\t\t\t\t\t\t<img fetchpriority=\"high\" decoding=\"async\" width=\"300\" height=\"520\" src=\"https:\/\/prueba.bateriasbenacedo.com.uy\/wp-content\/uploads\/2023\/12\/Benacedo-Home-1-591x1024-comp-1-e1705509837723.png\" class=\"attachment-large size-large wp-image-1281\" alt=\"\" \/>\t\t\t\t\t\t\t\t<\/a>\n\t\t\t\t\t\t\t\t\t\t\t\t\t\t\t<\/div>\n\t\t\t\t<\/div>\n\t\t\t\t\t<\/div>\n\t\t<\/div>\n\t\t\t\t<div class=\"elementor-column elementor-col-25 elementor-top-column elementor-element elementor-element-ad90e9f\" data-id=\"ad90e9f\" data-element_type=\"column\">\n\t\t\t<div class=\"elementor-widget-wrap elementor-element-populated\">\n\t\t\t\t\t\t\t\t<div class=\"elementor-element elementor-element-a43a544 elementor-invisible elementor-widget elementor-widget-image\" data-id=\"a43a544\" data-element_type=\"widget\" data-settings=\"{&quot;_animation&quot;:&quot;bounceInRight&quot;,&quot;_animation_delay&quot;:300}\" data-widget_type=\"image.default\">\n\t\t\t\t<div class=\"elementor-widget-container\">\n\t\t\t\t\t\t\t\t\t\t\t\t\t\t\t\t<a href=\"https:\/\/prueba.bateriasbenacedo.com.uy\/?product_cat=moura\">\n\t\t\t\t\t\t\t<img decoding=\"async\" width=\"300\" height=\"520\" src=\"https:\/\/prueba.bateriasbenacedo.com.uy\/wp-content\/uploads\/2022\/09\/Moura-Home-mati.png\" class=\"attachment-large size-large wp-image-1080\" alt=\"\" srcset=\"https:\/\/prueba.bateriasbenacedo.com.uy\/wp-content\/uploads\/2022\/09\/Moura-Home-mati.png 300w, https:\/\/prueba.bateriasbenacedo.com.uy\/wp-content\/uploads\/2022\/09\/Moura-Home-mati-173x300.png 173w\" sizes=\"(max-width: 300px) 100vw, 300px\" \/>\t\t\t\t\t\t\t\t<\/a>\n\t\t\t\t\t\t\t\t\t\t\t\t\t\t\t<\/div>\n\t\t\t\t<\/div>\n\t\t\t\t\t<\/div>\n\t\t<\/div>\n\t\t\t\t<div class=\"elementor-column elementor-col-25 elementor-top-column elementor-element elementor-element-97c4762\" data-id=\"97c4762\" data-element_type=\"column\">\n\t\t\t<div class=\"elementor-widget-wrap elementor-element-populated\">\n\t\t\t\t\t\t\t\t<div class=\"elementor-element elementor-element-63b7b6e elementor-invisible elementor-widget elementor-widget-image\" data-id=\"63b7b6e\" data-element_type=\"widget\" data-settings=\"{&quot;_animation&quot;:&quot;bounceInRight&quot;,&quot;_animation_delay&quot;:600}\" data-widget_type=\"image.default\">\n\t\t\t\t<div class=\"elementor-widget-container\">\n\t\t\t\t\t\t\t\t\t\t\t\t\t\t\t\t<a href=\"https:\/\/prueba.bateriasbenacedo.com.uy\/?product_cat=ruta-free\">\n\t\t\t\t\t\t\t<img decoding=\"async\" width=\"300\" height=\"520\" src=\"https:\/\/prueba.bateriasbenacedo.com.uy\/wp-content\/uploads\/2022\/04\/DISPLAY-RUTA-Manito-Logo.png\" class=\"attachment-large size-large wp-image-252\" alt=\"\" srcset=\"https:\/\/prueba.bateriasbenacedo.com.uy\/wp-content\/uploads\/2022\/04\/DISPLAY-RUTA-Manito-Logo.png 300w, https:\/\/prueba.bateriasbenacedo.com.uy\/wp-content\/uploads\/2022\/04\/DISPLAY-RUTA-Manito-Logo-173x300.png 173w\" sizes=\"(max-width: 300px) 100vw, 300px\" \/>\t\t\t\t\t\t\t\t<\/a>\n\t\t\t\t\t\t\t\t\t\t\t\t\t\t\t<\/div>\n\t\t\t\t<\/div>\n\t\t\t\t\t<\/div>\n\t\t<\/div>\n\t\t\t\t<div class=\"elementor-column elementor-col-25 elementor-top-column elementor-element elementor-element-6cb690a\" data-id=\"6cb690a\" data-element_type=\"column\">\n\t\t\t<div class=\"elementor-widget-wrap elementor-element-populated\">\n\t\t\t\t\t\t\t\t<div class=\"elementor-element elementor-element-da420fb elementor-invisible elementor-widget elementor-widget-image\" data-id=\"da420fb\" data-element_type=\"widget\" data-settings=\"{&quot;_animation&quot;:&quot;bounceInRight&quot;,&quot;_animation_delay&quot;:900}\" data-widget_type=\"image.default\">\n\t\t\t\t<div class=\"elementor-widget-container\">\n\t\t\t\t\t\t\t\t\t\t\t\t\t\t\t\t<a href=\"https:\/\/prueba.bateriasbenacedo.com.uy\/?product_cat=reparada\">\n\t\t\t\t\t\t\t<img loading=\"lazy\" decoding=\"async\" width=\"300\" height=\"520\" src=\"https:\/\/prueba.bateriasbenacedo.com.uy\/wp-content\/uploads\/2022\/05\/Reparada-Home.png\" class=\"attachment-large size-large wp-image-325\" alt=\"\" srcset=\"https:\/\/prueba.bateriasbenacedo.com.uy\/wp-content\/uploads\/2022\/05\/Reparada-Home.png 300w, https:\/\/prueba.bateriasbenacedo.com.uy\/wp-content\/uploads\/2022\/05\/Reparada-Home-173x300.png 173w\" sizes=\"(max-width: 300px) 100vw, 300px\" \/>\t\t\t\t\t\t\t\t<\/a>\n\t\t\t\t\t\t\t\t\t\t\t\t\t\t\t<\/div>\n\t\t\t\t<\/div>\n\t\t\t\t\t<\/div>\n\t\t<\/div>\n\t\t\t\t\t\t\t<\/div>\n\t\t<\/section>\n\t\t\t\t<section class=\"elementor-section elementor-top-section elementor-element elementor-element-121326c elementor-section-full_width elementor-section-height-min-height elementor-section-content-middle animated-fast elementor-section-height-default elementor-section-items-middle elementor-invisible\" data-id=\"121326c\" data-element_type=\"section\" data-settings=\"{&quot;animation&quot;:&quot;pulse&quot;,&quot;animation_delay&quot;:1000}\">\n\t\t\t\t\t\t<div class=\"elementor-container elementor-column-gap-no\">\n\t\t\t\t\t<div class=\"elementor-column elementor-col-100 elementor-top-column elementor-element elementor-element-7973260\" data-id=\"7973260\" data-element_type=\"column\">\n\t\t\t<div class=\"elementor-widget-wrap elementor-element-populated\">\n\t\t\t\t\t\t\t\t<div class=\"elementor-element elementor-element-1e7b5ca elementor-widget elementor-widget-google_maps\" data-id=\"1e7b5ca\" data-element_type=\"widget\" data-widget_type=\"google_maps.default\">\n\t\t\t\t<div class=\"elementor-widget-container\">\n\t\t\t<style>\/*! elementor - v3.18.0 - 20-12-2023 *\/\n.elementor-widget-google_maps .elementor-widget-container{overflow:hidden}.elementor-widget-google_maps .elementor-custom-embed{line-height:0}.elementor-widget-google_maps iframe{height:300px}<\/style>\t\t<div class=\"elementor-custom-embed\">\n\t\t\t<iframe loading=\"lazy\"\n\t\t\t\t\tsrc=\"https:\/\/maps.google.com\/maps?q=Bvar.%20Batlle%20y%20Ordo%C3%B1ez%202135%20esq.%20Neyra%2C%20Montevideo%2C%20Uruguay&#038;t=m&#038;z=14&#038;output=embed&#038;iwloc=near\"\n\t\t\t\t\ttitle=\"Bvar. Batlle y Ordo\u00f1ez 2135 esq. Neyra, Montevideo, Uruguay\"\n\t\t\t\t\taria-label=\"Bvar. Batlle y Ordo\u00f1ez 2135 esq. Neyra, Montevideo, Uruguay\"\n\t\t\t><\/iframe>\n\t\t<\/div>\n\t\t\t\t<\/div>\n\t\t\t\t<\/div>\n\t\t\t\t\t<\/div>\n\t\t<\/div>\n\t\t\t\t\t\t\t<\/div>\n\t\t<\/section>\n\t\t\t\t<section class=\"elementor-section elementor-top-section elementor-element elementor-element-c76f782 elementor-section-full_width elementor-section-height-min-height elementor-section-height-default elementor-section-items-middle\" data-id=\"c76f782\" data-element_type=\"section\" data-settings=\"{&quot;background_background&quot;:&quot;gradient&quot;}\">\n\t\t\t\t\t\t<div class=\"elementor-container elementor-column-gap-wide\">\n\t\t\t\t\t<div class=\"elementor-column elementor-col-33 elementor-top-column elementor-element elementor-element-467432f\" data-id=\"467432f\" data-element_type=\"column\">\n\t\t\t<div class=\"elementor-widget-wrap elementor-element-populated\">\n\t\t\t\t\t\t\t\t<div class=\"elementor-element elementor-element-12f7591 elementor-widget elementor-widget-image\" data-id=\"12f7591\" data-element_type=\"widget\" data-widget_type=\"image.default\">\n\t\t\t\t<div class=\"elementor-widget-container\">\n\t\t\t\t\t\t\t\t\t\t\t\t\t\t\t<img loading=\"lazy\" decoding=\"async\" width=\"150\" height=\"150\" src=\"https:\/\/prueba.bateriasbenacedo.com.uy\/wp-content\/uploads\/2021\/11\/cropped-cropped-cropped-Logo-redondo-amarillo-1-150x150.png\" class=\"attachment-thumbnail size-thumbnail wp-image-272\" alt=\"\" srcset=\"https:\/\/prueba.bateriasbenacedo.com.uy\/wp-content\/uploads\/2021\/11\/cropped-cropped-cropped-Logo-redondo-amarillo-1-150x150.png 150w, https:\/\/prueba.bateriasbenacedo.com.uy\/wp-content\/uploads\/2021\/11\/cropped-cropped-cropped-Logo-redondo-amarillo-1-300x300.png 300w, https:\/\/prueba.bateriasbenacedo.com.uy\/wp-content\/uploads\/2021\/11\/cropped-cropped-cropped-Logo-redondo-amarillo-1-100x100.png 100w, https:\/\/prueba.bateriasbenacedo.com.uy\/wp-content\/uploads\/2021\/11\/cropped-cropped-cropped-Logo-redondo-amarillo-1-120x120.png 120w, https:\/\/prueba.bateriasbenacedo.com.uy\/wp-content\/uploads\/2021\/11\/cropped-cropped-cropped-Logo-redondo-amarillo-1.png 512w\" sizes=\"(max-width: 150px) 100vw, 150px\" \/>\t\t\t\t\t\t\t\t\t\t\t\t\t\t\t<\/div>\n\t\t\t\t<\/div>\n\t\t\t\t\t<\/div>\n\t\t<\/div>\n\t\t\t\t<div class=\"elementor-column elementor-col-66 elementor-top-column elementor-element elementor-element-e2c926c elementor-invisible\" data-id=\"e2c926c\" data-element_type=\"column\" data-settings=\"{&quot;animation&quot;:&quot;fadeInUp&quot;}\">\n\t\t\t<div class=\"elementor-widget-wrap elementor-element-populated\">\n\t\t\t\t\t\t\t\t<div class=\"elementor-element elementor-element-de2589a elementor-widget elementor-widget-text-editor\" data-id=\"de2589a\" data-element_type=\"widget\" data-widget_type=\"text-editor.default\">\n\t\t\t\t<div class=\"elementor-widget-container\">\n\t\t\t<style>\/*! elementor - v3.18.0 - 20-12-2023 *\/\n.elementor-widget-text-editor.elementor-drop-cap-view-stacked .elementor-drop-cap{background-color:#69727d;color:#fff}.elementor-widget-text-editor.elementor-drop-cap-view-framed .elementor-drop-cap{color:#69727d;border:3px solid;background-color:transparent}.elementor-widget-text-editor:not(.elementor-drop-cap-view-default) .elementor-drop-cap{margin-top:8px}.elementor-widget-text-editor:not(.elementor-drop-cap-view-default) .elementor-drop-cap-letter{width:1em;height:1em}.elementor-widget-text-editor .elementor-drop-cap{float:left;text-align:center;line-height:1;font-size:50px}.elementor-widget-text-editor .elementor-drop-cap-letter{display:inline-block}<\/style>\t\t\t\t<h6><span style=\"font-size: 12pt;\"><span style=\"font-family: Duru Sans, Helvetica, sans-serif;\"><span style=\"color: #ffffff;\">BATERIAS BENACEDO<span style=\"font-weight: normal;\">\u00a0es una empresa familiar fundada en 1992 y que ha crecido con el paso del tiempo. Aqu\u00ed nuestros clientes son atendidos por un equipo con s\u00f3lidos conocimientos t\u00e9cnicos, trato ameno, respeto, honestidad y gran calidez para cumplir con total satisfacci\u00f3n las espectativas de nuestros clientes . \u00a0Tenemos como meta satisfacer la necesidad de nuestros clientes, con productos de \u00f3ptima calidad garantidos tratando de prestar el mejor servicio posible y ofreciendo gran variedad de productos. <\/br><\/br>Por consultas pueden comunicarse\u00a0a nuestro correo :\u00a0benacedobaterias@gmail.com\n<\/span><span style=\"color: #ffffff;\"><\/br>Esperamos depositen su confianza en nuestra empresa.<\/span><\/span><\/span><\/span><\/h6>\t\t\t\t\t\t<\/div>\n\t\t\t\t<\/div>\n\t\t\t\t\t<\/div>\n\t\t<\/div>\n\t\t\t\t\t\t\t<\/div>\n\t\t<\/section>\n\t\t\t\t\t\t\t<\/div>\n\t\t","protected":false},"excerpt":{"rendered":"<p>BATERIAS BENACEDO\u00a0es una empresa familiar fundada en 1992 y que ha crecido con el paso del tiempo. Aqu\u00ed nuestros clientes son atendidos por un equipo con s\u00f3lidos conocimientos t\u00e9cnicos, trato ameno, respeto, honestidad y gran calidez para cumplir con total satisfacci\u00f3n las espectativas de nuestros clientes . \u00a0Tenemos como meta satisfacer la necesidad de nuestros &hellip;<\/p>\n<p class=\"read-more\"> <a class=\"\" href=\"https:\/\/prueba.bateriasbenacedo.com.uy\/\"> <span class=\"screen-reader-text\">Inicio<\/span> Leer m\u00e1s &raquo;<\/a><\/p>\n","protected":false},"author":1,"featured_media":0,"parent":0,"menu_order":0,"comment_status":"closed","ping_status":"closed","template":"","meta":{"site-sidebar-layout":"no-sidebar","site-content-layout":"page-builder","ast-global-header-display":"","ast-main-header-display":"","ast-hfb-above-header-display":"","ast-hfb-below-header-display":"","ast-hfb-mobile-header-display":"","site-post-title":"disabled","ast-breadcrumbs-content":"","ast-featured-img":"disabled","footer-sml-layout":"","theme-transparent-header-meta":"","adv-header-id-meta":"","stick-header-meta":"","header-above-stick-meta":"","header-main-stick-meta":"","header-below-stick-meta":"","footnotes":""},"class_list":["post-100","page","type-page","status-publish","hentry"],"_links":{"self":[{"href":"https:\/\/prueba.bateriasbenacedo.com.uy\/index.php?rest_route=\/wp\/v2\/pages\/100","targetHints":{"allow":["GET"]}}],"collection":[{"href":"https:\/\/prueba.bateriasbenacedo.com.uy\/index.php?rest_route=\/wp\/v2\/pages"}],"about":[{"href":"https:\/\/prueba.bateriasbenacedo.com.uy\/index.php?rest_route=\/wp\/v2\/types\/page"}],"author":[{"embeddable":true,"href":"https:\/\/prueba.bateriasbenacedo.com.uy\/index.php?rest_route=\/wp\/v2\/users\/1"}],"replies":[{"embeddable":true,"href":"https:\/\/prueba.bateriasbenacedo.com.uy\/index.php?rest_route=%2Fwp%2Fv2%2Fcomments&post=100"}],"version-history":[{"count":133,"href":"https:\/\/prueba.bateriasbenacedo.com.uy\/index.php?rest_route=\/wp\/v2\/pages\/100\/revisions"}],"predecessor-version":[{"id":1292,"href":"https:\/\/prueba.bateriasbenacedo.com.uy\/index.php?rest_route=\/wp\/v2\/pages\/100\/revisions\/1292"}],"wp:attachment":[{"href":"https:\/\/prueba.bateriasbenacedo.com.uy\/index.php?rest_route=%2Fwp%2Fv2%2Fmedia&parent=100"}],"curies":[{"name":"wp","href":"https:\/\/api.w.org\/{rel}","templated":true}]}}