{"id":607,"date":"2022-07-28T20:15:51","date_gmt":"2022-07-28T20:15:51","guid":{"rendered":"https:\/\/prueba.bateriasbenacedo.com.uy\/producto\/benacedo-90a\/"},"modified":"2023-10-11T16:50:35","modified_gmt":"2023-10-11T19:50:35","slug":"benacedo-90a","status":"publish","type":"product","link":"https:\/\/prueba.bateriasbenacedo.com.uy\/?product=benacedo-90a","title":{"rendered":"Benacedo 90A"},"content":{"rendered":"<p>Benacedo 90A<\/p>\n<p>Principales Usos (Motores Nafta): Chevrolet CELTA, Fiat UNO, Nissan MARCH,Renault CLIO,VW FUSCA<\/p>\n<p>Realizamos ENV\u00cdOS a Todo el Pais por la empresa de transporte Mirtrans.<br \/>\n*Los plazos de entrega podr\u00edan variar dependiendo de la empresa de transporte.<br \/>\nContamos con ENV\u00cdOS EXPRESS dentro de MONTEVIDEO en el mismo d?a y se despachan hasta las 15:00 con un costo de $500.<br \/>\n**Sujeto a nuestro horario de atenci\u00f3n<\/p>\n<p>Las Bater\u00edas Benacedo son Completamente Nuevas, Fabricadas en Brasil con equipamiento de ?ltima Generaci?n y Tecnolog?a FREE de Larga Duraci\u00f3n: Totalmente Libres de Mantenimiento y con una Mayor vida \u00fatil. Todas las Bater\u00edas Benacedo ofrecen 12 Meses de Garant\u00eda con atenci\u00f3n (por defectos de fabricaci\u00f3n dentro del plazo de Garant\u00eda) en nuestra Casa Central.<\/p>\n<p>Con la Bater\u00eda est\u00e1 incluido el Cambio, INSTALACI?N y Checkeos pertinentes del veh\u00edculo de forma GRATUITA en nuestra Casa Central: Barrio Buceo dentro de Montevideo.<\/p>\n<p>Empresa adherida al plan maestro de DINAMA, Decreto (373\/03). Local receptor de Bater\u00edas en Desuso<\/p>\n","protected":false},"excerpt":{"rendered":"<p>12 Meses de Garant?a brindada por Benacedo Bater?as. El precio incluye la Instalaci?n y revisi?n.<\/p>\n","protected":false},"featured_media":1140,"template":"","meta":{"site-sidebar-layout":"default","site-content-layout":"default","ast-global-header-display":"","ast-main-header-display":"","ast-hfb-above-header-display":"","ast-hfb-below-header-display":"","ast-hfb-mobile-header-display":"","site-post-title":"","ast-breadcrumbs-content":"","ast-featured-img":"","footer-sml-layout":"","theme-transparent-header-meta":"default","adv-header-id-meta":"","stick-header-meta":"","header-above-stick-meta":"","header-main-stick-meta":"","header-below-stick-meta":""},"product_cat":[27],"product_tag":[],"class_list":{"0":"post-607","1":"product","2":"type-product","3":"status-publish","4":"has-post-thumbnail","6":"product_cat-benacedo","8":"first","9":"instock","10":"shipping-taxable","11":"purchasable","12":"product-type-simple"},"_links":{"self":[{"href":"https:\/\/prueba.bateriasbenacedo.com.uy\/index.php?rest_route=\/wp\/v2\/product\/607","targetHints":{"allow":["GET"]}}],"collection":[{"href":"https:\/\/prueba.bateriasbenacedo.com.uy\/index.php?rest_route=\/wp\/v2\/product"}],"about":[{"href":"https:\/\/prueba.bateriasbenacedo.com.uy\/index.php?rest_route=\/wp\/v2\/types\/product"}],"version-history":[{"count":2,"href":"https:\/\/prueba.bateriasbenacedo.com.uy\/index.php?rest_route=\/wp\/v2\/product\/607\/revisions"}],"predecessor-version":[{"id":940,"href":"https:\/\/prueba.bateriasbenacedo.com.uy\/index.php?rest_route=\/wp\/v2\/product\/607\/revisions\/940"}],"wp:featuredmedia":[{"embeddable":true,"href":"https:\/\/prueba.bateriasbenacedo.com.uy\/index.php?rest_route=\/wp\/v2\/media\/1140"}],"wp:attachment":[{"href":"https:\/\/prueba.bateriasbenacedo.com.uy\/index.php?rest_route=%2Fwp%2Fv2%2Fmedia&parent=607"}],"wp:term":[{"taxonomy":"product_cat","embeddable":true,"href":"https:\/\/prueba.bateriasbenacedo.com.uy\/index.php?rest_route=%2Fwp%2Fv2%2Fproduct_cat&post=607"},{"taxonomy":"product_tag","embeddable":true,"href":"https:\/\/prueba.bateriasbenacedo.com.uy\/index.php?rest_route=%2Fwp%2Fv2%2Fproduct_tag&post=607"}],"curies":[{"name":"wp","href":"https:\/\/api.w.org\/{rel}","templated":true}]}}