{"id":663,"date":"2022-07-28T20:15:55","date_gmt":"2022-07-28T23:15:55","guid":{"rendered":"https:\/\/prueba.bateriasbenacedo.com.uy\/producto\/ruta-free-155a\/"},"modified":"2023-10-10T15:38:44","modified_gmt":"2023-10-10T18:38:44","slug":"ruta-free-155a","status":"publish","type":"product","link":"https:\/\/prueba.bateriasbenacedo.com.uy\/?product=ruta-free-155a","title":{"rendered":"Ruta Free 155A"},"content":{"rendered":"<p>Ruta Free 155A<\/p>\n<p>Principales Usos (Motores Diesel): Chevrolet S-10, Mercedes C220, SPRINTER, VW AMAROK<\/p>\n<p>Realizamos ENV\u00cdOS GRATIS a Todo el Pa\u00eds por la empresa de transporte Mirtrans.<br \/>\n**Los plazos de entrega podr\u00e1n variar dependiendo de la empresa de transporte.<br \/>\nContamos con ENV\u00cdOS EXPRESS dentro de MONTEVIDEO en el mismo d?a y se despachan hasta las 15:00 con un costo de $500.<br \/>\n*Sujeto a nuestro horario de atenci\u00f3n.<\/p>\n<p>12 Meses de Garant\u00eda brindada por el Servicio Oficial Ruta. Todas las Bater\u00edas Ruta ofrecen atenci\u00f3n (por defectos de Fabricaci\u00f3n dentro del plazo de Garant\u00eda) en Montevideo, Pando y Paysand\u00fa.<\/p>\n<p>Con la Bater\u00eda est\u00e1 incluido el Cambio, INSTALACI\u00d3N y Checkeos pertinentes del veh\u00edculo de forma GRATUITA en nuestra Casa Central: Barrio Buceo dentro de Montevideo.<\/p>\n<p>Empresa adherida al plan maestro de DINAMA, Decreto (373\/03). Local receptor de Bater\u00edas en Desuso<\/p>\n","protected":false},"excerpt":{"rendered":"<p>12 Meses de Garant\u00eda brindada por el Service Oficial Ruta. El precio incluye la Instalaci\u00f3n y revisi\u00f3n.<\/p>\n","protected":false},"featured_media":270,"template":"","meta":{"site-sidebar-layout":"default","site-content-layout":"default","ast-global-header-display":"","ast-main-header-display":"","ast-hfb-above-header-display":"","ast-hfb-below-header-display":"","ast-hfb-mobile-header-display":"","site-post-title":"","ast-breadcrumbs-content":"","ast-featured-img":"","footer-sml-layout":"","theme-transparent-header-meta":"default","adv-header-id-meta":"","stick-header-meta":"","header-above-stick-meta":"","header-main-stick-meta":"","header-below-stick-meta":""},"product_cat":[61],"product_tag":[],"class_list":{"0":"post-663","1":"product","2":"type-product","3":"status-publish","4":"has-post-thumbnail","6":"product_cat-ruta-free","8":"first","9":"instock","10":"shipping-taxable","11":"purchasable","12":"product-type-simple"},"_links":{"self":[{"href":"https:\/\/prueba.bateriasbenacedo.com.uy\/index.php?rest_route=\/wp\/v2\/product\/663","targetHints":{"allow":["GET"]}}],"collection":[{"href":"https:\/\/prueba.bateriasbenacedo.com.uy\/index.php?rest_route=\/wp\/v2\/product"}],"about":[{"href":"https:\/\/prueba.bateriasbenacedo.com.uy\/index.php?rest_route=\/wp\/v2\/types\/product"}],"version-history":[{"count":2,"href":"https:\/\/prueba.bateriasbenacedo.com.uy\/index.php?rest_route=\/wp\/v2\/product\/663\/revisions"}],"predecessor-version":[{"id":979,"href":"https:\/\/prueba.bateriasbenacedo.com.uy\/index.php?rest_route=\/wp\/v2\/product\/663\/revisions\/979"}],"wp:featuredmedia":[{"embeddable":true,"href":"https:\/\/prueba.bateriasbenacedo.com.uy\/index.php?rest_route=\/wp\/v2\/media\/270"}],"wp:attachment":[{"href":"https:\/\/prueba.bateriasbenacedo.com.uy\/index.php?rest_route=%2Fwp%2Fv2%2Fmedia&parent=663"}],"wp:term":[{"taxonomy":"product_cat","embeddable":true,"href":"https:\/\/prueba.bateriasbenacedo.com.uy\/index.php?rest_route=%2Fwp%2Fv2%2Fproduct_cat&post=663"},{"taxonomy":"product_tag","embeddable":true,"href":"https:\/\/prueba.bateriasbenacedo.com.uy\/index.php?rest_route=%2Fwp%2Fv2%2Fproduct_tag&post=663"}],"curies":[{"name":"wp","href":"https:\/\/api.w.org\/{rel}","templated":true}]}}