{"id":675,"date":"2022-07-28T20:15:56","date_gmt":"2022-07-28T20:15:56","guid":{"rendered":"https:\/\/prueba.bateriasbenacedo.com.uy\/producto\/zetta-165a\/"},"modified":"2024-01-23T16:23:54","modified_gmt":"2024-01-23T19:23:54","slug":"zetta-165a","status":"publish","type":"product","link":"https:\/\/prueba.bateriasbenacedo.com.uy\/?product=zetta-165a","title":{"rendered":"Zetta 165A"},"content":{"rendered":"<p>Zetta 165A<\/p>\n<p>Principales Usos (Motores Diesel): Camiones y Camionetas con Motores Diesel 2.6L hasta 3.2L<\/p>\n<p>Realizamos ENV\u00cdOS GRATIS a Todo el Pa\u00eds por la empresa de transporte Mirtrans.<br \/>\n**Los plazos de entrega podr\u00edan variar dependiendo de la empresa de transporte.<br \/>\nContamos con ENV\u00cdOS EXPRESS dentro de MONTEVIDEO en el mismo d\u00eda y se despachan hasta las 15:00 con un costo de $500.<br \/>\n*Sujeto a nuestro horario de atenci\u00f3n.<\/p>\n<p>12 Meses de Garant\u00eda MERCOSUR brindada por el Servicio Oficial Moura. Todas las Bater\u00edas Zetta y Moura ofrecen atenci\u00f3n (por defectos de Fabricaci\u00f3n dentro del plazo de Garant\u00eda) en Uruguay, Argentina y Brasil.<\/p>\n<p>Con la Bater\u00eda est\u00e1 incluido el Cambio, INSTALACI\u00d3N y Checkeos pertinentes del veh\u00edculo de forma GRATUITA en nuestra Casa Central: Barrio Buceo dentro de Montevideo.<\/p>\n<p>Empresa adherida al plan maestro de DINAMA, Decreto (373\/03). Local receptor de Bater\u00edas en Desuso<\/p>\n","protected":false},"excerpt":{"rendered":"<p>12 Meses de Garant\u00eda brindada por Moura. El precio incluye la Instalaci\u00f3n y revisi\u00f3n.<\/p>\n","protected":false},"featured_media":1148,"template":"","meta":{"site-sidebar-layout":"default","site-content-layout":"default","ast-global-header-display":"","ast-main-header-display":"","ast-hfb-above-header-display":"","ast-hfb-below-header-display":"","ast-hfb-mobile-header-display":"","site-post-title":"","ast-breadcrumbs-content":"","ast-featured-img":"","footer-sml-layout":"","theme-transparent-header-meta":"default","adv-header-id-meta":"","stick-header-meta":"","header-above-stick-meta":"","header-main-stick-meta":"","header-below-stick-meta":""},"product_cat":[62],"product_tag":[],"class_list":{"0":"post-675","1":"product","2":"type-product","3":"status-publish","4":"has-post-thumbnail","6":"product_cat-zetta","8":"first","9":"onbackorder","10":"shipping-taxable","11":"purchasable","12":"product-type-simple"},"_links":{"self":[{"href":"https:\/\/prueba.bateriasbenacedo.com.uy\/index.php?rest_route=\/wp\/v2\/product\/675","targetHints":{"allow":["GET"]}}],"collection":[{"href":"https:\/\/prueba.bateriasbenacedo.com.uy\/index.php?rest_route=\/wp\/v2\/product"}],"about":[{"href":"https:\/\/prueba.bateriasbenacedo.com.uy\/index.php?rest_route=\/wp\/v2\/types\/product"}],"version-history":[{"count":3,"href":"https:\/\/prueba.bateriasbenacedo.com.uy\/index.php?rest_route=\/wp\/v2\/product\/675\/revisions"}],"predecessor-version":[{"id":1149,"href":"https:\/\/prueba.bateriasbenacedo.com.uy\/index.php?rest_route=\/wp\/v2\/product\/675\/revisions\/1149"}],"wp:featuredmedia":[{"embeddable":true,"href":"https:\/\/prueba.bateriasbenacedo.com.uy\/index.php?rest_route=\/wp\/v2\/media\/1148"}],"wp:attachment":[{"href":"https:\/\/prueba.bateriasbenacedo.com.uy\/index.php?rest_route=%2Fwp%2Fv2%2Fmedia&parent=675"}],"wp:term":[{"taxonomy":"product_cat","embeddable":true,"href":"https:\/\/prueba.bateriasbenacedo.com.uy\/index.php?rest_route=%2Fwp%2Fv2%2Fproduct_cat&post=675"},{"taxonomy":"product_tag","embeddable":true,"href":"https:\/\/prueba.bateriasbenacedo.com.uy\/index.php?rest_route=%2Fwp%2Fv2%2Fproduct_tag&post=675"}],"curies":[{"name":"wp","href":"https:\/\/api.w.org\/{rel}","templated":true}]}}