{"id":676,"date":"2022-07-28T20:15:56","date_gmt":"2022-07-28T23:15:56","guid":{"rendered":"https:\/\/prueba.bateriasbenacedo.com.uy\/producto\/zetta-150a\/"},"modified":"2023-10-11T16:00:40","modified_gmt":"2023-10-11T19:00:40","slug":"zetta-150a","status":"publish","type":"product","link":"https:\/\/prueba.bateriasbenacedo.com.uy\/?product=zetta-150a","title":{"rendered":"Zetta 150A"},"content":{"rendered":"<p>Zetta 150A<\/p>\n<p>Principales Usos (Motores Diesel): Chevrolet S-10, VW AMAROK<\/p>\n<p>Realizamos ENV?OS GRATIS a Todo el Pa?s por la empresa de transporte Mirtrans.<br \/>\n**Los plazos de entrega podr?an variar dependiendo de la empresa de transporte.<br \/>\nContamos con ENV?OS EXPRESS dentro de MONTEVIDEO en el mismo d?a y se despachan hasta las 15:00 con un costo de $500.<br \/>\n*Sujeto a nuestro horario de atenci?n.<\/p>\n<p>12 Meses de Garant?a MERCOSUR brindada por el Servicio Oficial Moura. Todas las Bater?as Zetta y Moura ofrecen atenci?n (por defectos de Fabricaci?n dentro del plazo de Garant?a) en Uruguay, Argentina y Brasil.<\/p>\n<p>Con la Bater?a est? incluido el Cambio, INSTALACI?N y Checkeos pertinentes del veh?culo de forma GRATUITA en nuestra Casa Central: Barrio Buceo dentro de Montevideo.<\/p>\n<p>Empresa adherida al plan maestro de DINAMA, Decreto (373\/03). Local receptor de Bater?as en Desuso<\/p>\n","protected":false},"excerpt":{"rendered":"<p>12 Meses de Garant\u00eda brindada por Moura. El precio incluye la Instalaci\u00f3n y revisi\u00f3n.<\/p>\n","protected":false},"featured_media":1148,"template":"","meta":{"site-sidebar-layout":"default","site-content-layout":"default","ast-global-header-display":"","ast-main-header-display":"","ast-hfb-above-header-display":"","ast-hfb-below-header-display":"","ast-hfb-mobile-header-display":"","site-post-title":"","ast-breadcrumbs-content":"","ast-featured-img":"","footer-sml-layout":"","theme-transparent-header-meta":"default","adv-header-id-meta":"","stick-header-meta":"","header-above-stick-meta":"","header-main-stick-meta":"","header-below-stick-meta":""},"product_cat":[62],"product_tag":[],"class_list":{"0":"post-676","1":"product","2":"type-product","3":"status-publish","4":"has-post-thumbnail","6":"product_cat-zetta","8":"first","9":"instock","10":"shipping-taxable","11":"purchasable","12":"product-type-simple"},"_links":{"self":[{"href":"https:\/\/prueba.bateriasbenacedo.com.uy\/index.php?rest_route=\/wp\/v2\/product\/676","targetHints":{"allow":["GET"]}}],"collection":[{"href":"https:\/\/prueba.bateriasbenacedo.com.uy\/index.php?rest_route=\/wp\/v2\/product"}],"about":[{"href":"https:\/\/prueba.bateriasbenacedo.com.uy\/index.php?rest_route=\/wp\/v2\/types\/product"}],"version-history":[{"count":2,"href":"https:\/\/prueba.bateriasbenacedo.com.uy\/index.php?rest_route=\/wp\/v2\/product\/676\/revisions"}],"predecessor-version":[{"id":1044,"href":"https:\/\/prueba.bateriasbenacedo.com.uy\/index.php?rest_route=\/wp\/v2\/product\/676\/revisions\/1044"}],"wp:featuredmedia":[{"embeddable":true,"href":"https:\/\/prueba.bateriasbenacedo.com.uy\/index.php?rest_route=\/wp\/v2\/media\/1148"}],"wp:attachment":[{"href":"https:\/\/prueba.bateriasbenacedo.com.uy\/index.php?rest_route=%2Fwp%2Fv2%2Fmedia&parent=676"}],"wp:term":[{"taxonomy":"product_cat","embeddable":true,"href":"https:\/\/prueba.bateriasbenacedo.com.uy\/index.php?rest_route=%2Fwp%2Fv2%2Fproduct_cat&post=676"},{"taxonomy":"product_tag","embeddable":true,"href":"https:\/\/prueba.bateriasbenacedo.com.uy\/index.php?rest_route=%2Fwp%2Fv2%2Fproduct_tag&post=676"}],"curies":[{"name":"wp","href":"https:\/\/api.w.org\/{rel}","templated":true}]}}